{"id":27,"date":"2019-01-24T15:28:14","date_gmt":"2019-01-24T15:28:14","guid":{"rendered":"http:\/\/www.cyril-tardivel-avocat.fr\/wp\/?page_id=27"},"modified":"2024-02-14T10:20:14","modified_gmt":"2024-02-14T10:20:14","slug":"contact","status":"publish","type":"page","link":"https:\/\/www.cyril-tardivel-avocat.fr\/wp\/contact\/","title":{"rendered":"Contact"},"content":{"rendered":"\n<p>Adresse : 13 rue des ajoncs, 22100 Lanvallay<br>\nT\u00e9l\u00e9phone : <a href=\"tel:0257690113\">02 57 69 01 13<\/a><br>\nCouriel&nbsp;:&nbsp;<a href=\"mailto:cyril.tardivel@avocat.fr\" target=\"_blank\" rel=\"noopener\">cyril.tardivel@avocat.fr<\/a><\/p>\n\n\n<div class=\"gmap_canvas\"><iframe loading=\"lazy\" id=\"gmap_canvas\" src=\"https:\/\/maps.google.com\/maps?q=cyril%20tardivel%2C%20lanvalay&amp;t=&amp;z=13&amp;ie=UTF8&amp;iwloc=&amp;output=embed\" marginwidth=\"0\" marginheight=\"0\" scrolling=\"no\" width=\"600\" height=\"500\" frameborder=\"0\"><\/iframe><\/div>\n<div>&nbsp;<\/div>\n<p><style>.mapouter {<br \/>\n                                text-align: right;<br \/>\n                                height: 500px;<br \/>\n                                width: 600px;<br \/>\n                            }<\/p>\n<p>                            .gmap_canvas {<br \/>\n                                overflow: hidden;<br \/>\n                                background: none !important;<br \/>\n                                height: 500px;<br \/>\n                                width: 600px;<br \/>\n                            }<\/style>\n<\/p>\n\n<div class=\"n2-section-smartslider fitvidsignore \" data-ssid=\"4\" tabindex=\"0\" role=\"region\" aria-label=\"Slider\"><div id=\"n2-ss-4-align\" class=\"n2-ss-align\" style=\"margin: 0 auto; max-width: 1200px;\"><div class=\"n2-padding\"><div id=\"n2-ss-4\" data-creator=\"Smart Slider 3\" data-responsive=\"auto\" class=\"n2-ss-slider n2-ow n2-has-hover n2notransition  \">\n\n\n\n<div class=\"n2-ss-slider-wrapper-outside\" style=\"grid-template-rows:1fr auto\"><div class=\"n2-ss-slider-wrapper-inside\">\n        <div class=\"n2-ss-slider-1 n2_ss__touch_element n2-ow\">\n            <div class=\"n2-ss-slider-2 n2-ow\">\n                                                <div class=\"n2-ss-slider-3 n2-ow\">\n\n                    <div class=\"n2-ss-slide-backgrounds n2-ow-all\"><div class=\"n2-ss-slide-background\" data-public-id=\"1\" data-mode=\"fill\" aria-hidden=\"true\"><div class=\"n2-ss-slide-background-image\" data-blur=\"0\" data-opacity=\"100\" data-x=\"50\" data-y=\"50\" data-alt=\"\" data-title=\"\"><picture class=\"skip-lazy\" data-skip-lazy=\"1\"><img decoding=\"async\" src=\"\/\/www.cyril-tardivel-avocat.fr\/wp\/wp-content\/uploads\/2019\/01\/plaque_cabinet-e1551198265664.jpg\" alt=\"\" title=\"\" loading=\"lazy\" class=\"skip-lazy\" data-skip-lazy=\"1\"><\/picture><\/div><div data-color=\"RGBA(255,255,255,0)\" style=\"background-color: RGBA(255,255,255,0);\" class=\"n2-ss-slide-background-color\"><\/div><\/div><div class=\"n2-ss-slide-background\" data-public-id=\"2\" data-mode=\"fill\"><div class=\"n2-ss-slide-background-image\" data-blur=\"0\" data-opacity=\"100\" data-x=\"50\" data-y=\"50\" data-alt=\"\" data-title=\"\"><picture class=\"skip-lazy\" data-skip-lazy=\"1\"><img decoding=\"async\" src=\"\/\/www.cyril-tardivel-avocat.fr\/wp\/wp-content\/uploads\/2019\/02\/cabinet-cyril-soleil2-e1551198215700.jpg\" alt=\"\" title=\"\" loading=\"lazy\" class=\"skip-lazy\" data-skip-lazy=\"1\"><\/picture><\/div><div data-color=\"RGBA(255,255,255,0)\" style=\"background-color: RGBA(255,255,255,0);\" class=\"n2-ss-slide-background-color\"><\/div><\/div><div class=\"n2-ss-slide-background\" data-public-id=\"3\" data-mode=\"fill\" aria-hidden=\"true\"><div class=\"n2-ss-slide-background-image\" data-blur=\"0\" data-opacity=\"100\" data-x=\"50\" data-y=\"50\" data-alt=\"\" data-title=\"\"><picture class=\"skip-lazy\" data-skip-lazy=\"1\"><img decoding=\"async\" src=\"\/\/www.cyril-tardivel-avocat.fr\/wp\/wp-content\/uploads\/2019\/02\/cabinet-cyril-soleil-e1551198197531.jpg\" alt=\"\" title=\"\" loading=\"lazy\" class=\"skip-lazy\" data-skip-lazy=\"1\"><\/picture><\/div><div data-color=\"RGBA(255,255,255,0)\" style=\"background-color: RGBA(255,255,255,0);\" class=\"n2-ss-slide-background-color\"><\/div><\/div><\/div>                    <div class=\"n2-ss-slider-4 n2-ow\">\n                        <svg xmlns=\"http:\/\/www.w3.org\/2000\/svg\" viewBox=\"0 0 1200 600\" data-related-device=\"desktopPortrait\" class=\"n2-ow n2-ss-preserve-size n2-ss-preserve-size--slider n2-ss-slide-limiter\"><\/svg><div data-slide-duration=\"0\" data-id=\"15\" data-slide-public-id=\"1\" aria-hidden=\"true\" data-title=\"Image Slider 2\" class=\"n2-ss-slide n2-ow  n2-ss-slide-15\"><div role=\"note\" class=\"n2-ss-slide--focus\" tabindex=\"-1\">Image Slider 2<\/div><div class=\"n2-ss-layers-container n2-ss-slide-limiter n2-ow\"><div class=\"n2-ss-layer n2-ow n-uc-9VavetqOm3DE\" data-sstype=\"slide\" data-pm=\"default\"><\/div><\/div><\/div><div data-first=\"1\" data-slide-duration=\"0\" data-id=\"16\" data-slide-public-id=\"2\" data-title=\"Image Slider 1\" class=\"n2-ss-slide n2-ow  n2-ss-slide-16\"><div role=\"note\" class=\"n2-ss-slide--focus\" tabindex=\"-1\">Image Slider 1<\/div><div class=\"n2-ss-layers-container n2-ss-slide-limiter n2-ow\"><div class=\"n2-ss-layer n2-ow n-uc-4gdNoFvJKUcJ\" data-sstype=\"slide\" data-pm=\"default\"><\/div><\/div><\/div><div data-slide-duration=\"0\" data-id=\"17\" data-slide-public-id=\"3\" aria-hidden=\"true\" data-title=\"Image Slider 3\" class=\"n2-ss-slide n2-ow  n2-ss-slide-17\"><div role=\"note\" class=\"n2-ss-slide--focus\" tabindex=\"-1\">Image Slider 3<\/div><div class=\"n2-ss-layers-container n2-ss-slide-limiter n2-ow\"><div class=\"n2-ss-layer n2-ow n-uc-wMdhF07mQ8N2\" data-sstype=\"slide\" data-pm=\"default\"><\/div><\/div><\/div>                    <\/div>\n\n                                    <\/div>\n            <\/div>\n        <\/div>\n        <div class=\"n2-ss-slider-controls n2-ss-slider-controls-absolute-left-center\"><div style=\"--widget-offset:15px;\" class=\"n2-ss-widget nextend-arrow n2-ow-all nextend-arrow-previous  nextend-arrow-animated-fade\" data-hide-mobileportrait=\"1\" id=\"n2-ss-4-arrow-previous\" role=\"button\" aria-label=\"previous arrow\" tabindex=\"0\"><img loading=\"lazy\" decoding=\"async\" width=\"32\" height=\"32\" class=\"n2-arrow-normal-img skip-lazy\" data-skip-lazy=\"1\" src=\"data:image\/svg+xml;base64,PHN2ZyB3aWR0aD0iMzIiIGhlaWdodD0iMzIiIHZpZXdCb3g9IjAgMCAzMiAzMiIgeG1sbnM9Imh0dHA6Ly93d3cudzMub3JnLzIwMDAvc3ZnIj4KICAgIDxwYXRoIGQ9Ik0xMS40MzMgMTUuOTkyTDIyLjY5IDUuNzEyYy4zOTMtLjM5LjM5My0xLjAzIDAtMS40Mi0uMzkzLS4zOS0xLjAzLS4zOS0xLjQyMyAwbC0xMS45OCAxMC45NGMtLjIxLjIxLS4zLjQ5LS4yODUuNzYtLjAxNS4yOC4wNzUuNTYuMjg0Ljc3bDExLjk4IDEwLjk0Yy4zOTMuMzkgMS4wMy4zOSAxLjQyNCAwIC4zOTMtLjQuMzkzLTEuMDMgMC0xLjQybC0xMS4yNTctMTAuMjkiCiAgICAgICAgICBmaWxsPSIjZmZmZmZmIiBvcGFjaXR5PSIwLjgiIGZpbGwtcnVsZT0iZXZlbm9kZCIvPgo8L3N2Zz4=\" alt=\"previous arrow\"><img loading=\"lazy\" decoding=\"async\" width=\"32\" height=\"32\" class=\"n2-arrow-hover-img skip-lazy\" data-skip-lazy=\"1\" src=\"data:image\/svg+xml;base64,PHN2ZyB3aWR0aD0iMzIiIGhlaWdodD0iMzIiIHZpZXdCb3g9IjAgMCAzMiAzMiIgeG1sbnM9Imh0dHA6Ly93d3cudzMub3JnLzIwMDAvc3ZnIj4KICAgIDxwYXRoIGQ9Ik0xMS40MzMgMTUuOTkyTDIyLjY5IDUuNzEyYy4zOTMtLjM5LjM5My0xLjAzIDAtMS40Mi0uMzkzLS4zOS0xLjAzLS4zOS0xLjQyMyAwbC0xMS45OCAxMC45NGMtLjIxLjIxLS4zLjQ5LS4yODUuNzYtLjAxNS4yOC4wNzUuNTYuMjg0Ljc3bDExLjk4IDEwLjk0Yy4zOTMuMzkgMS4wMy4zOSAxLjQyNCAwIC4zOTMtLjQuMzkzLTEuMDMgMC0xLjQybC0xMS4yNTctMTAuMjkiCiAgICAgICAgICBmaWxsPSIjZmZmZmZmIiBvcGFjaXR5PSIxIiBmaWxsLXJ1bGU9ImV2ZW5vZGQiLz4KPC9zdmc+\" alt=\"previous arrow\"><\/div><\/div><div class=\"n2-ss-slider-controls n2-ss-slider-controls-absolute-right-center\"><div style=\"--widget-offset:15px;\" class=\"n2-ss-widget nextend-arrow n2-ow-all nextend-arrow-next  nextend-arrow-animated-fade\" data-hide-mobileportrait=\"1\" id=\"n2-ss-4-arrow-next\" role=\"button\" aria-label=\"next arrow\" tabindex=\"0\"><img loading=\"lazy\" decoding=\"async\" width=\"32\" height=\"32\" class=\"n2-arrow-normal-img skip-lazy\" data-skip-lazy=\"1\" src=\"data:image\/svg+xml;base64,PHN2ZyB3aWR0aD0iMzIiIGhlaWdodD0iMzIiIHZpZXdCb3g9IjAgMCAzMiAzMiIgeG1sbnM9Imh0dHA6Ly93d3cudzMub3JnLzIwMDAvc3ZnIj4KICAgIDxwYXRoIGQ9Ik0xMC43MjIgNC4yOTNjLS4zOTQtLjM5LTEuMDMyLS4zOS0xLjQyNyAwLS4zOTMuMzktLjM5MyAxLjAzIDAgMS40MmwxMS4yODMgMTAuMjgtMTEuMjgzIDEwLjI5Yy0uMzkzLjM5LS4zOTMgMS4wMiAwIDEuNDIuMzk1LjM5IDEuMDMzLjM5IDEuNDI3IDBsMTIuMDA3LTEwLjk0Yy4yMS0uMjEuMy0uNDkuMjg0LS43Ny4wMTQtLjI3LS4wNzYtLjU1LS4yODYtLjc2TDEwLjcyIDQuMjkzeiIKICAgICAgICAgIGZpbGw9IiNmZmZmZmYiIG9wYWNpdHk9IjAuOCIgZmlsbC1ydWxlPSJldmVub2RkIi8+Cjwvc3ZnPg==\" alt=\"next arrow\"><img loading=\"lazy\" decoding=\"async\" width=\"32\" height=\"32\" class=\"n2-arrow-hover-img skip-lazy\" data-skip-lazy=\"1\" src=\"data:image\/svg+xml;base64,PHN2ZyB3aWR0aD0iMzIiIGhlaWdodD0iMzIiIHZpZXdCb3g9IjAgMCAzMiAzMiIgeG1sbnM9Imh0dHA6Ly93d3cudzMub3JnLzIwMDAvc3ZnIj4KICAgIDxwYXRoIGQ9Ik0xMC43MjIgNC4yOTNjLS4zOTQtLjM5LTEuMDMyLS4zOS0xLjQyNyAwLS4zOTMuMzktLjM5MyAxLjAzIDAgMS40MmwxMS4yODMgMTAuMjgtMTEuMjgzIDEwLjI5Yy0uMzkzLjM5LS4zOTMgMS4wMiAwIDEuNDIuMzk1LjM5IDEuMDMzLjM5IDEuNDI3IDBsMTIuMDA3LTEwLjk0Yy4yMS0uMjEuMy0uNDkuMjg0LS43Ny4wMTQtLjI3LS4wNzYtLjU1LS4yODYtLjc2TDEwLjcyIDQuMjkzeiIKICAgICAgICAgIGZpbGw9IiNmZmZmZmYiIG9wYWNpdHk9IjEiIGZpbGwtcnVsZT0iZXZlbm9kZCIvPgo8L3N2Zz4=\" alt=\"next arrow\"><\/div><\/div><div class=\"n2-ss-slider-controls n2-ss-slider-controls-absolute-center-bottom\"><div style=\"--widget-offset:10px;\" class=\"n2-ss-widget n2-ss-control-bullet n2-ow-all n2-ss-control-bullet-horizontal\"><div class=\" nextend-bullet-bar n2-bar-justify-content-center\" role=\"group\" aria-label=\"Choose slide to display.\"><div class=\"n2-bullet n2-style-13586a9834f840c6e3b0e8ac4aa4b69c-dot \" style=\"visibility:hidden;\"><\/div><\/div><\/div><\/div><\/div><div class=\"n2-ss-slider-controls n2-ss-slider-controls-below\"><div class=\"n2-ss-widget nextend-shadow n2-ow-all\" data-hide-mobileportrait=\"1\"><img decoding=\"async\" width=\"1120\" height=\"50\" style=\"display: block; width:100%;max-width:none;\" class=\"nextend-shadow-image skip-lazy\" loading=\"lazy\" data-skip-lazy=\"1\" src=\"https:\/\/www.cyril-tardivel-avocat.fr\/wp\/wp-content\/plugins\/smart-slider-3\/Public\/SmartSlider3\/Widget\/Shadow\/ShadowImage\/Assets\/shadow\/dark.png\" alt=\"Shadow\"><\/div><\/div><\/div><\/div><ss3-loader><\/ss3-loader><\/div><\/div><div class=\"n2_clear\"><\/div><\/div>\n\n\n<div class=\"wp-block-media-text alignwide\"><figure class=\"wp-block-media-text__media\"><\/figure><div class=\"wp-block-media-text__content\">\n<p class=\"has-large-font-size\"><\/p>\n<\/div><\/div>\n","protected":false},"excerpt":{"rendered":"<p>Adresse : 13 rue des ajoncs, 22100 Lanvallay T\u00e9l\u00e9phone : 02 57 69 01 13 Couriel&nbsp;:&nbsp;cyril.tardivel@avocat.fr &nbsp;<\/p>\n","protected":false},"author":1,"featured_media":0,"parent":0,"menu_order":0,"comment_status":"closed","ping_status":"closed","template":"","meta":{"footnotes":""},"yoast_head":"<!-- This site is optimized with the Yoast SEO plugin v23.5 - https:\/\/yoast.com\/wordpress\/plugins\/seo\/ -->\n<title>Contact - Ma\u00eetre Cyril Tardivel<\/title>\n<meta name=\"robots\" content=\"index, follow, max-snippet:-1, max-image-preview:large, max-video-preview:-1\" \/>\n<link rel=\"canonical\" href=\"https:\/\/www.cyril-tardivel-avocat.fr\/wp\/contact\/\" \/>\n<meta property=\"og:locale\" content=\"fr_FR\" \/>\n<meta property=\"og:type\" content=\"article\" \/>\n<meta property=\"og:title\" content=\"Contact - Ma\u00eetre Cyril Tardivel\" \/>\n<meta property=\"og:description\" content=\"Adresse : 13 rue des ajoncs, 22100 Lanvallay T\u00e9l\u00e9phone : 02 57 69 01 13 Couriel&nbsp;:&nbsp;cyril.tardivel@avocat.fr &nbsp;\" \/>\n<meta property=\"og:url\" content=\"https:\/\/www.cyril-tardivel-avocat.fr\/wp\/contact\/\" \/>\n<meta property=\"og:site_name\" content=\"Ma\u00eetre Cyril Tardivel\" \/>\n<meta property=\"article:publisher\" content=\"https:\/\/www.facebook.com\/cyril.tardivel.3\" \/>\n<meta property=\"article:modified_time\" content=\"2024-02-14T10:20:14+00:00\" \/>\n<meta name=\"twitter:card\" content=\"summary_large_image\" \/>\n<meta name=\"twitter:label1\" content=\"Dur\u00e9e de lecture estim\u00e9e\" \/>\n\t<meta name=\"twitter:data1\" content=\"1 minute\" \/>\n<script type=\"application\/ld+json\" class=\"yoast-schema-graph\">{\"@context\":\"https:\/\/schema.org\",\"@graph\":[{\"@type\":\"WebPage\",\"@id\":\"https:\/\/www.cyril-tardivel-avocat.fr\/wp\/contact\/\",\"url\":\"https:\/\/www.cyril-tardivel-avocat.fr\/wp\/contact\/\",\"name\":\"Contact - Ma\u00eetre Cyril Tardivel\",\"isPartOf\":{\"@id\":\"https:\/\/www.cyril-tardivel-avocat.fr\/wp\/#website\"},\"datePublished\":\"2019-01-24T15:28:14+00:00\",\"dateModified\":\"2024-02-14T10:20:14+00:00\",\"breadcrumb\":{\"@id\":\"https:\/\/www.cyril-tardivel-avocat.fr\/wp\/contact\/#breadcrumb\"},\"inLanguage\":\"fr-FR\",\"potentialAction\":[{\"@type\":\"ReadAction\",\"target\":[\"https:\/\/www.cyril-tardivel-avocat.fr\/wp\/contact\/\"]}]},{\"@type\":\"BreadcrumbList\",\"@id\":\"https:\/\/www.cyril-tardivel-avocat.fr\/wp\/contact\/#breadcrumb\",\"itemListElement\":[{\"@type\":\"ListItem\",\"position\":1,\"name\":\"Accueil\",\"item\":\"https:\/\/www.cyril-tardivel-avocat.fr\/wp\/\"},{\"@type\":\"ListItem\",\"position\":2,\"name\":\"Contact\"}]},{\"@type\":\"WebSite\",\"@id\":\"https:\/\/www.cyril-tardivel-avocat.fr\/wp\/#website\",\"url\":\"https:\/\/www.cyril-tardivel-avocat.fr\/wp\/\",\"name\":\"Ma\u00eetre Cyril Tardivel\",\"description\":\"Avocat au barreau de Saint Malo - Dinan\",\"publisher\":{\"@id\":\"https:\/\/www.cyril-tardivel-avocat.fr\/wp\/#\/schema\/person\/80df1038f319c2209cae2a51b13c0d1c\"},\"potentialAction\":[{\"@type\":\"SearchAction\",\"target\":{\"@type\":\"EntryPoint\",\"urlTemplate\":\"https:\/\/www.cyril-tardivel-avocat.fr\/wp\/?s={search_term_string}\"},\"query-input\":{\"@type\":\"PropertyValueSpecification\",\"valueRequired\":true,\"valueName\":\"search_term_string\"}}],\"inLanguage\":\"fr-FR\"},{\"@type\":[\"Person\",\"Organization\"],\"@id\":\"https:\/\/www.cyril-tardivel-avocat.fr\/wp\/#\/schema\/person\/80df1038f319c2209cae2a51b13c0d1c\",\"name\":\"Cyril Tardivel\",\"image\":{\"@type\":\"ImageObject\",\"inLanguage\":\"fr-FR\",\"@id\":\"https:\/\/www.cyril-tardivel-avocat.fr\/wp\/#\/schema\/person\/image\/\",\"url\":\"https:\/\/www.cyril-tardivel-avocat.fr\/wp\/wp-content\/uploads\/2019\/01\/pics02.png\",\"contentUrl\":\"https:\/\/www.cyril-tardivel-avocat.fr\/wp\/wp-content\/uploads\/2019\/01\/pics02.png\",\"width\":600,\"height\":858,\"caption\":\"Cyril Tardivel\"},\"logo\":{\"@id\":\"https:\/\/www.cyril-tardivel-avocat.fr\/wp\/#\/schema\/person\/image\/\"},\"sameAs\":[\"http:\/\/cyril-tardivel-avocat.fr\",\"https:\/\/www.facebook.com\/cyril.tardivel.3\",\"https:\/\/www.linkedin.com\/in\/cyril-tardivel-ab25aa97\/\"]}]}<\/script>\n<!-- \/ Yoast SEO plugin. -->","yoast_head_json":{"title":"Contact - Ma\u00eetre Cyril Tardivel","robots":{"index":"index","follow":"follow","max-snippet":"max-snippet:-1","max-image-preview":"max-image-preview:large","max-video-preview":"max-video-preview:-1"},"canonical":"https:\/\/www.cyril-tardivel-avocat.fr\/wp\/contact\/","og_locale":"fr_FR","og_type":"article","og_title":"Contact - Ma\u00eetre Cyril Tardivel","og_description":"Adresse : 13 rue des ajoncs, 22100 Lanvallay T\u00e9l\u00e9phone : 02 57 69 01 13 Couriel&nbsp;:&nbsp;cyril.tardivel@avocat.fr &nbsp;","og_url":"https:\/\/www.cyril-tardivel-avocat.fr\/wp\/contact\/","og_site_name":"Ma\u00eetre Cyril Tardivel","article_publisher":"https:\/\/www.facebook.com\/cyril.tardivel.3","article_modified_time":"2024-02-14T10:20:14+00:00","twitter_card":"summary_large_image","twitter_misc":{"Dur\u00e9e de lecture estim\u00e9e":"1 minute"},"schema":{"@context":"https:\/\/schema.org","@graph":[{"@type":"WebPage","@id":"https:\/\/www.cyril-tardivel-avocat.fr\/wp\/contact\/","url":"https:\/\/www.cyril-tardivel-avocat.fr\/wp\/contact\/","name":"Contact - Ma\u00eetre Cyril Tardivel","isPartOf":{"@id":"https:\/\/www.cyril-tardivel-avocat.fr\/wp\/#website"},"datePublished":"2019-01-24T15:28:14+00:00","dateModified":"2024-02-14T10:20:14+00:00","breadcrumb":{"@id":"https:\/\/www.cyril-tardivel-avocat.fr\/wp\/contact\/#breadcrumb"},"inLanguage":"fr-FR","potentialAction":[{"@type":"ReadAction","target":["https:\/\/www.cyril-tardivel-avocat.fr\/wp\/contact\/"]}]},{"@type":"BreadcrumbList","@id":"https:\/\/www.cyril-tardivel-avocat.fr\/wp\/contact\/#breadcrumb","itemListElement":[{"@type":"ListItem","position":1,"name":"Accueil","item":"https:\/\/www.cyril-tardivel-avocat.fr\/wp\/"},{"@type":"ListItem","position":2,"name":"Contact"}]},{"@type":"WebSite","@id":"https:\/\/www.cyril-tardivel-avocat.fr\/wp\/#website","url":"https:\/\/www.cyril-tardivel-avocat.fr\/wp\/","name":"Ma\u00eetre Cyril Tardivel","description":"Avocat au barreau de Saint Malo - Dinan","publisher":{"@id":"https:\/\/www.cyril-tardivel-avocat.fr\/wp\/#\/schema\/person\/80df1038f319c2209cae2a51b13c0d1c"},"potentialAction":[{"@type":"SearchAction","target":{"@type":"EntryPoint","urlTemplate":"https:\/\/www.cyril-tardivel-avocat.fr\/wp\/?s={search_term_string}"},"query-input":{"@type":"PropertyValueSpecification","valueRequired":true,"valueName":"search_term_string"}}],"inLanguage":"fr-FR"},{"@type":["Person","Organization"],"@id":"https:\/\/www.cyril-tardivel-avocat.fr\/wp\/#\/schema\/person\/80df1038f319c2209cae2a51b13c0d1c","name":"Cyril Tardivel","image":{"@type":"ImageObject","inLanguage":"fr-FR","@id":"https:\/\/www.cyril-tardivel-avocat.fr\/wp\/#\/schema\/person\/image\/","url":"https:\/\/www.cyril-tardivel-avocat.fr\/wp\/wp-content\/uploads\/2019\/01\/pics02.png","contentUrl":"https:\/\/www.cyril-tardivel-avocat.fr\/wp\/wp-content\/uploads\/2019\/01\/pics02.png","width":600,"height":858,"caption":"Cyril Tardivel"},"logo":{"@id":"https:\/\/www.cyril-tardivel-avocat.fr\/wp\/#\/schema\/person\/image\/"},"sameAs":["http:\/\/cyril-tardivel-avocat.fr","https:\/\/www.facebook.com\/cyril.tardivel.3","https:\/\/www.linkedin.com\/in\/cyril-tardivel-ab25aa97\/"]}]}},"_links":{"self":[{"href":"https:\/\/www.cyril-tardivel-avocat.fr\/wp\/wp-json\/wp\/v2\/pages\/27"}],"collection":[{"href":"https:\/\/www.cyril-tardivel-avocat.fr\/wp\/wp-json\/wp\/v2\/pages"}],"about":[{"href":"https:\/\/www.cyril-tardivel-avocat.fr\/wp\/wp-json\/wp\/v2\/types\/page"}],"author":[{"embeddable":true,"href":"https:\/\/www.cyril-tardivel-avocat.fr\/wp\/wp-json\/wp\/v2\/users\/1"}],"replies":[{"embeddable":true,"href":"https:\/\/www.cyril-tardivel-avocat.fr\/wp\/wp-json\/wp\/v2\/comments?post=27"}],"version-history":[{"count":7,"href":"https:\/\/www.cyril-tardivel-avocat.fr\/wp\/wp-json\/wp\/v2\/pages\/27\/revisions"}],"predecessor-version":[{"id":389,"href":"https:\/\/www.cyril-tardivel-avocat.fr\/wp\/wp-json\/wp\/v2\/pages\/27\/revisions\/389"}],"wp:attachment":[{"href":"https:\/\/www.cyril-tardivel-avocat.fr\/wp\/wp-json\/wp\/v2\/media?parent=27"}],"curies":[{"name":"wp","href":"https:\/\/api.w.org\/{rel}","templated":true}]}}